{"id":652,"date":"2015-01-30T19:08:05","date_gmt":"2015-01-30T19:08:05","guid":{"rendered":"https:\/\/reachoutsol.com\/contact-us-2\/"},"modified":"2019-08-02T17:22:01","modified_gmt":"2019-08-02T17:22:01","slug":"contact-us","status":"publish","type":"page","link":"https:\/\/reachoutsol.com\/es\/contact-us\/","title":{"rendered":"Contact Us"},"content":{"rendered":"<p style=\"text-align: center;\"><span style=\"font-weight: 400;\">Si usted est\u00e1 listo para llevar su negocio al siguiente nivel, estamos listos para ayudarlo.<br \/>\n<\/span><span style=\"font-weight: 400;\">Cu\u00e9ntenos sus retos empresariales y nos pondremos en contacto con usted para programar una consulta telef\u00f3nica gratuita de 15 minutos.<\/span><\/p>\n","protected":false},"excerpt":{"rendered":"<p>Si usted est\u00e1 listo para llevar su negocio al siguiente nivel, estamos listos para ayudarlo. Cu\u00e9ntenos sus retos empresariales y nos pondremos en contacto con usted para programar una consulta telef\u00f3nica gratuita de 15 minutos.<\/p>\n","protected":false},"author":2,"featured_media":0,"parent":0,"menu_order":0,"comment_status":"open","ping_status":"open","template":"page-contact.php","meta":{"_acf_changed":false,"inline_featured_image":false,"_monsterinsights_skip_tracking":false,"_monsterinsights_sitenote_active":false,"_monsterinsights_sitenote_note":"","_monsterinsights_sitenote_category":0,"footnotes":""},"class_list":["post-652","page","type-page","status-publish","hentry"],"acf":[],"yoast_head":"<!-- This site is optimized with the Yoast SEO plugin v26.9 - https:\/\/yoast.com\/product\/yoast-seo-wordpress\/ -->\n<title>Contact ReachOut Business and Consulting Solutions<\/title>\n<meta name=\"description\" content=\"WE HELP INTERNATIONAL BUSINESS REACH AN AMERICAN AUDIENCE - Address: 7901 Kingspointe Pkwy #19, Orlando, FL 32819 Phone: +1.407.392.4806\" \/>\n<meta name=\"robots\" content=\"index, follow, max-snippet:-1, max-image-preview:large, max-video-preview:-1\" \/>\n<link rel=\"canonical\" href=\"https:\/\/reachoutsol.com\/es\/contact-us\/\" \/>\n<meta property=\"og:locale\" content=\"es_ES\" \/>\n<meta property=\"og:type\" content=\"article\" \/>\n<meta property=\"og:title\" content=\"Contact ReachOut Business and Consulting Solutions\" \/>\n<meta property=\"og:description\" content=\"WE HELP INTERNATIONAL BUSINESS REACH AN AMERICAN AUDIENCE - Address: 7901 Kingspointe Pkwy #19, Orlando, FL 32819 Phone: +1.407.392.4806\" \/>\n<meta property=\"og:url\" content=\"https:\/\/reachoutsol.com\/es\/contact-us\/\" \/>\n<meta property=\"og:site_name\" content=\"ReachOut\" \/>\n<meta property=\"article:publisher\" content=\"https:\/\/www.facebook.com\/reachoutsol?ref=hl\" \/>\n<meta property=\"article:modified_time\" content=\"2019-08-02T17:22:01+00:00\" \/>\n<meta property=\"og:image\" content=\"https:\/\/reachoutsol.com\/wp-content\/uploads\/2015\/06\/header-logo.png\" \/>\n<meta name=\"twitter:card\" content=\"summary_large_image\" \/>\n<meta name=\"twitter:site\" content=\"@edseloliveira\" \/>\n<script type=\"application\/ld+json\" class=\"yoast-schema-graph\">{\"@context\":\"https:\/\/schema.org\",\"@graph\":[{\"@type\":\"WebPage\",\"@id\":\"https:\/\/reachoutsol.com\/es\/contact-us\/\",\"url\":\"https:\/\/reachoutsol.com\/es\/contact-us\/\",\"name\":\"Contact ReachOut Business and Consulting Solutions\",\"isPartOf\":{\"@id\":\"https:\/\/reachoutsol.com\/#website\"},\"datePublished\":\"2015-01-30T19:08:05+00:00\",\"dateModified\":\"2019-08-02T17:22:01+00:00\",\"description\":\"WE HELP INTERNATIONAL BUSINESS REACH AN AMERICAN AUDIENCE - Address: 7901 Kingspointe Pkwy #19, Orlando, FL 32819 Phone: +1.407.392.4806\",\"breadcrumb\":{\"@id\":\"https:\/\/reachoutsol.com\/es\/contact-us\/#breadcrumb\"},\"inLanguage\":\"es\",\"potentialAction\":[{\"@type\":\"ReadAction\",\"target\":[\"https:\/\/reachoutsol.com\/es\/contact-us\/\"]}]},{\"@type\":\"BreadcrumbList\",\"@id\":\"https:\/\/reachoutsol.com\/es\/contact-us\/#breadcrumb\",\"itemListElement\":[{\"@type\":\"ListItem\",\"position\":1,\"name\":\"Home\",\"item\":\"https:\/\/reachoutsol.com\/es\/\"},{\"@type\":\"ListItem\",\"position\":2,\"name\":\"Contact Us\"}]},{\"@type\":\"WebSite\",\"@id\":\"https:\/\/reachoutsol.com\/#website\",\"url\":\"https:\/\/reachoutsol.com\/\",\"name\":\"ReachOut\",\"description\":\"Business Solutions Firm\",\"publisher\":{\"@id\":\"https:\/\/reachoutsol.com\/#organization\"},\"potentialAction\":[{\"@type\":\"SearchAction\",\"target\":{\"@type\":\"EntryPoint\",\"urlTemplate\":\"https:\/\/reachoutsol.com\/?s={search_term_string}\"},\"query-input\":{\"@type\":\"PropertyValueSpecification\",\"valueRequired\":true,\"valueName\":\"search_term_string\"}}],\"inLanguage\":\"es\"},{\"@type\":\"Organization\",\"@id\":\"https:\/\/reachoutsol.com\/#organization\",\"name\":\"Reachout Solutions\",\"url\":\"https:\/\/reachoutsol.com\/\",\"logo\":{\"@type\":\"ImageObject\",\"inLanguage\":\"es\",\"@id\":\"https:\/\/reachoutsol.com\/#\/schema\/logo\/image\/\",\"url\":\"https:\/\/reachoutsol.com\/wp-content\/uploads\/2015\/06\/header-logo.png\",\"contentUrl\":\"https:\/\/reachoutsol.com\/wp-content\/uploads\/2015\/06\/header-logo.png\",\"width\":254,\"height\":62,\"caption\":\"Reachout Solutions\"},\"image\":{\"@id\":\"https:\/\/reachoutsol.com\/#\/schema\/logo\/image\/\"},\"sameAs\":[\"https:\/\/www.facebook.com\/reachoutsol?ref=hl\",\"https:\/\/x.com\/edseloliveira\",\"http:\/\/www.linkedin.com\/in\/edseloliveira\"]}]}<\/script>\n<!-- \/ Yoast SEO plugin. -->","yoast_head_json":{"title":"Contact ReachOut Business and Consulting Solutions","description":"WE HELP INTERNATIONAL BUSINESS REACH AN AMERICAN AUDIENCE - Address: 7901 Kingspointe Pkwy #19, Orlando, FL 32819 Phone: +1.407.392.4806","robots":{"index":"index","follow":"follow","max-snippet":"max-snippet:-1","max-image-preview":"max-image-preview:large","max-video-preview":"max-video-preview:-1"},"canonical":"https:\/\/reachoutsol.com\/es\/contact-us\/","og_locale":"es_ES","og_type":"article","og_title":"Contact ReachOut Business and Consulting Solutions","og_description":"WE HELP INTERNATIONAL BUSINESS REACH AN AMERICAN AUDIENCE - Address: 7901 Kingspointe Pkwy #19, Orlando, FL 32819 Phone: +1.407.392.4806","og_url":"https:\/\/reachoutsol.com\/es\/contact-us\/","og_site_name":"ReachOut","article_publisher":"https:\/\/www.facebook.com\/reachoutsol?ref=hl","article_modified_time":"2019-08-02T17:22:01+00:00","og_image":[{"url":"https:\/\/reachoutsol.com\/wp-content\/uploads\/2015\/06\/header-logo.png","type":"","width":"","height":""}],"twitter_card":"summary_large_image","twitter_site":"@edseloliveira","schema":{"@context":"https:\/\/schema.org","@graph":[{"@type":"WebPage","@id":"https:\/\/reachoutsol.com\/es\/contact-us\/","url":"https:\/\/reachoutsol.com\/es\/contact-us\/","name":"Contact ReachOut Business and Consulting Solutions","isPartOf":{"@id":"https:\/\/reachoutsol.com\/#website"},"datePublished":"2015-01-30T19:08:05+00:00","dateModified":"2019-08-02T17:22:01+00:00","description":"WE HELP INTERNATIONAL BUSINESS REACH AN AMERICAN AUDIENCE - Address: 7901 Kingspointe Pkwy #19, Orlando, FL 32819 Phone: +1.407.392.4806","breadcrumb":{"@id":"https:\/\/reachoutsol.com\/es\/contact-us\/#breadcrumb"},"inLanguage":"es","potentialAction":[{"@type":"ReadAction","target":["https:\/\/reachoutsol.com\/es\/contact-us\/"]}]},{"@type":"BreadcrumbList","@id":"https:\/\/reachoutsol.com\/es\/contact-us\/#breadcrumb","itemListElement":[{"@type":"ListItem","position":1,"name":"Home","item":"https:\/\/reachoutsol.com\/es\/"},{"@type":"ListItem","position":2,"name":"Contact Us"}]},{"@type":"WebSite","@id":"https:\/\/reachoutsol.com\/#website","url":"https:\/\/reachoutsol.com\/","name":"ReachOut","description":"Business Solutions Firm","publisher":{"@id":"https:\/\/reachoutsol.com\/#organization"},"potentialAction":[{"@type":"SearchAction","target":{"@type":"EntryPoint","urlTemplate":"https:\/\/reachoutsol.com\/?s={search_term_string}"},"query-input":{"@type":"PropertyValueSpecification","valueRequired":true,"valueName":"search_term_string"}}],"inLanguage":"es"},{"@type":"Organization","@id":"https:\/\/reachoutsol.com\/#organization","name":"Reachout Solutions","url":"https:\/\/reachoutsol.com\/","logo":{"@type":"ImageObject","inLanguage":"es","@id":"https:\/\/reachoutsol.com\/#\/schema\/logo\/image\/","url":"https:\/\/reachoutsol.com\/wp-content\/uploads\/2015\/06\/header-logo.png","contentUrl":"https:\/\/reachoutsol.com\/wp-content\/uploads\/2015\/06\/header-logo.png","width":254,"height":62,"caption":"Reachout Solutions"},"image":{"@id":"https:\/\/reachoutsol.com\/#\/schema\/logo\/image\/"},"sameAs":["https:\/\/www.facebook.com\/reachoutsol?ref=hl","https:\/\/x.com\/edseloliveira","http:\/\/www.linkedin.com\/in\/edseloliveira"]}]}},"_links":{"self":[{"href":"https:\/\/reachoutsol.com\/es\/wp-json\/wp\/v2\/pages\/652","targetHints":{"allow":["GET"]}}],"collection":[{"href":"https:\/\/reachoutsol.com\/es\/wp-json\/wp\/v2\/pages"}],"about":[{"href":"https:\/\/reachoutsol.com\/es\/wp-json\/wp\/v2\/types\/page"}],"author":[{"embeddable":true,"href":"https:\/\/reachoutsol.com\/es\/wp-json\/wp\/v2\/users\/2"}],"replies":[{"embeddable":true,"href":"https:\/\/reachoutsol.com\/es\/wp-json\/wp\/v2\/comments?post=652"}],"version-history":[{"count":5,"href":"https:\/\/reachoutsol.com\/es\/wp-json\/wp\/v2\/pages\/652\/revisions"}],"predecessor-version":[{"id":1679,"href":"https:\/\/reachoutsol.com\/es\/wp-json\/wp\/v2\/pages\/652\/revisions\/1679"}],"wp:attachment":[{"href":"https:\/\/reachoutsol.com\/es\/wp-json\/wp\/v2\/media?parent=652"}],"curies":[{"name":"wp","href":"https:\/\/api.w.org\/{rel}","templated":true}]}}