{"id":216,"date":"2015-01-29T13:56:54","date_gmt":"2015-01-29T13:56:54","guid":{"rendered":"https:\/\/reachoutsol.com\/services\/marketing\/"},"modified":"2015-03-11T22:11:51","modified_gmt":"2015-03-11T22:11:51","slug":"marketing-pt","status":"publish","type":"page","link":"https:\/\/reachoutsol.com\/pt-br\/services\/marketing-pt\/","title":{"rendered":"Marketing"},"content":{"rendered":"","protected":false},"excerpt":{"rendered":"","protected":false},"author":5,"featured_media":0,"parent":67,"menu_order":0,"comment_status":"closed","ping_status":"open","template":"page-service-description.php","meta":{"_acf_changed":false,"inline_featured_image":false,"_monsterinsights_skip_tracking":false,"_monsterinsights_sitenote_active":false,"_monsterinsights_sitenote_note":"","_monsterinsights_sitenote_category":0,"footnotes":""},"class_list":["post-216","page","type-page","status-publish","hentry"],"acf":[],"yoast_head":"<!-- This site is optimized with the Yoast SEO plugin v26.9 - https:\/\/yoast.com\/product\/yoast-seo-wordpress\/ -->\n<title>Planejamento de Marketing e RP | Brasil-EUA ajuda de neg\u00f3cios<\/title>\n<meta name=\"description\" content=\"Fale com a ReachOut Business Solutions para desenvolver a estrat\u00e9gia de marketing para o seu neg\u00f3cio brasileiro nos EUA. Desenvolvemos todos os passos de um planejamento de marketing, o que inclui defini\u00e7\u00e3o de p\u00fablico-alvo, escolha de estrutura de vendas, estrat\u00e9gia de m\u00eddias sociais e muito mais!\" \/>\n<meta name=\"robots\" content=\"index, follow, max-snippet:-1, max-image-preview:large, max-video-preview:-1\" \/>\n<link rel=\"canonical\" href=\"https:\/\/reachoutsol.com\/pt-br\/services\/marketing-pt\/\" \/>\n<meta property=\"og:locale\" content=\"pt_BR\" \/>\n<meta property=\"og:type\" content=\"article\" \/>\n<meta property=\"og:title\" content=\"Planejamento de Marketing e RP | Brasil-EUA ajuda de neg\u00f3cios\" \/>\n<meta property=\"og:description\" content=\"Fale com a ReachOut Business Solutions para desenvolver a estrat\u00e9gia de marketing para o seu neg\u00f3cio brasileiro nos EUA. Desenvolvemos todos os passos de um planejamento de marketing, o que inclui defini\u00e7\u00e3o de p\u00fablico-alvo, escolha de estrutura de vendas, estrat\u00e9gia de m\u00eddias sociais e muito mais!\" \/>\n<meta property=\"og:url\" content=\"https:\/\/reachoutsol.com\/pt-br\/services\/marketing-pt\/\" \/>\n<meta property=\"og:site_name\" content=\"ReachOut\" \/>\n<meta property=\"article:publisher\" content=\"https:\/\/www.facebook.com\/reachoutsol?ref=hl\" \/>\n<meta property=\"article:modified_time\" content=\"2015-03-11T22:11:51+00:00\" \/>\n<meta property=\"og:image\" content=\"https:\/\/reachoutsol.com\/wp-content\/uploads\/2015\/06\/header-logo.png\" \/>\n<meta name=\"twitter:card\" content=\"summary_large_image\" \/>\n<meta name=\"twitter:site\" content=\"@edseloliveira\" \/>\n<script type=\"application\/ld+json\" class=\"yoast-schema-graph\">{\"@context\":\"https:\/\/schema.org\",\"@graph\":[{\"@type\":\"WebPage\",\"@id\":\"https:\/\/reachoutsol.com\/pt-br\/services\/marketing-pt\/\",\"url\":\"https:\/\/reachoutsol.com\/pt-br\/services\/marketing-pt\/\",\"name\":\"Planejamento de Marketing e RP | Brasil-EUA ajuda de neg\u00f3cios\",\"isPartOf\":{\"@id\":\"https:\/\/reachoutsol.com\/#website\"},\"datePublished\":\"2015-01-29T13:56:54+00:00\",\"dateModified\":\"2015-03-11T22:11:51+00:00\",\"description\":\"Fale com a ReachOut Business Solutions para desenvolver a estrat\u00e9gia de marketing para o seu neg\u00f3cio brasileiro nos EUA. Desenvolvemos todos os passos de um planejamento de marketing, o que inclui defini\u00e7\u00e3o de p\u00fablico-alvo, escolha de estrutura de vendas, estrat\u00e9gia de m\u00eddias sociais e muito mais!\",\"breadcrumb\":{\"@id\":\"https:\/\/reachoutsol.com\/pt-br\/services\/marketing-pt\/#breadcrumb\"},\"inLanguage\":\"pt-BR\",\"potentialAction\":[{\"@type\":\"ReadAction\",\"target\":[\"https:\/\/reachoutsol.com\/pt-br\/services\/marketing-pt\/\"]}]},{\"@type\":\"BreadcrumbList\",\"@id\":\"https:\/\/reachoutsol.com\/pt-br\/services\/marketing-pt\/#breadcrumb\",\"itemListElement\":[{\"@type\":\"ListItem\",\"position\":1,\"name\":\"Home\",\"item\":\"https:\/\/reachoutsol.com\/pt-br\/\"},{\"@type\":\"ListItem\",\"position\":2,\"name\":\"Servi\u00e7os\",\"item\":\"https:\/\/reachoutsol.com\/pt-br\/services\/\"},{\"@type\":\"ListItem\",\"position\":3,\"name\":\"Marketing\"}]},{\"@type\":\"WebSite\",\"@id\":\"https:\/\/reachoutsol.com\/#website\",\"url\":\"https:\/\/reachoutsol.com\/\",\"name\":\"ReachOut\",\"description\":\"Business Solutions Firm\",\"publisher\":{\"@id\":\"https:\/\/reachoutsol.com\/#organization\"},\"potentialAction\":[{\"@type\":\"SearchAction\",\"target\":{\"@type\":\"EntryPoint\",\"urlTemplate\":\"https:\/\/reachoutsol.com\/?s={search_term_string}\"},\"query-input\":{\"@type\":\"PropertyValueSpecification\",\"valueRequired\":true,\"valueName\":\"search_term_string\"}}],\"inLanguage\":\"pt-BR\"},{\"@type\":\"Organization\",\"@id\":\"https:\/\/reachoutsol.com\/#organization\",\"name\":\"Reachout Solutions\",\"url\":\"https:\/\/reachoutsol.com\/\",\"logo\":{\"@type\":\"ImageObject\",\"inLanguage\":\"pt-BR\",\"@id\":\"https:\/\/reachoutsol.com\/#\/schema\/logo\/image\/\",\"url\":\"https:\/\/reachoutsol.com\/wp-content\/uploads\/2015\/06\/header-logo.png\",\"contentUrl\":\"https:\/\/reachoutsol.com\/wp-content\/uploads\/2015\/06\/header-logo.png\",\"width\":254,\"height\":62,\"caption\":\"Reachout Solutions\"},\"image\":{\"@id\":\"https:\/\/reachoutsol.com\/#\/schema\/logo\/image\/\"},\"sameAs\":[\"https:\/\/www.facebook.com\/reachoutsol?ref=hl\",\"https:\/\/x.com\/edseloliveira\",\"http:\/\/www.linkedin.com\/in\/edseloliveira\"]}]}<\/script>\n<!-- \/ Yoast SEO plugin. -->","yoast_head_json":{"title":"Planejamento de Marketing e RP | Brasil-EUA ajuda de neg\u00f3cios","description":"Fale com a ReachOut Business Solutions para desenvolver a estrat\u00e9gia de marketing para o seu neg\u00f3cio brasileiro nos EUA. Desenvolvemos todos os passos de um planejamento de marketing, o que inclui defini\u00e7\u00e3o de p\u00fablico-alvo, escolha de estrutura de vendas, estrat\u00e9gia de m\u00eddias sociais e muito mais!","robots":{"index":"index","follow":"follow","max-snippet":"max-snippet:-1","max-image-preview":"max-image-preview:large","max-video-preview":"max-video-preview:-1"},"canonical":"https:\/\/reachoutsol.com\/pt-br\/services\/marketing-pt\/","og_locale":"pt_BR","og_type":"article","og_title":"Planejamento de Marketing e RP | Brasil-EUA ajuda de neg\u00f3cios","og_description":"Fale com a ReachOut Business Solutions para desenvolver a estrat\u00e9gia de marketing para o seu neg\u00f3cio brasileiro nos EUA. Desenvolvemos todos os passos de um planejamento de marketing, o que inclui defini\u00e7\u00e3o de p\u00fablico-alvo, escolha de estrutura de vendas, estrat\u00e9gia de m\u00eddias sociais e muito mais!","og_url":"https:\/\/reachoutsol.com\/pt-br\/services\/marketing-pt\/","og_site_name":"ReachOut","article_publisher":"https:\/\/www.facebook.com\/reachoutsol?ref=hl","article_modified_time":"2015-03-11T22:11:51+00:00","og_image":[{"url":"https:\/\/reachoutsol.com\/wp-content\/uploads\/2015\/06\/header-logo.png","type":"","width":"","height":""}],"twitter_card":"summary_large_image","twitter_site":"@edseloliveira","schema":{"@context":"https:\/\/schema.org","@graph":[{"@type":"WebPage","@id":"https:\/\/reachoutsol.com\/pt-br\/services\/marketing-pt\/","url":"https:\/\/reachoutsol.com\/pt-br\/services\/marketing-pt\/","name":"Planejamento de Marketing e RP | Brasil-EUA ajuda de neg\u00f3cios","isPartOf":{"@id":"https:\/\/reachoutsol.com\/#website"},"datePublished":"2015-01-29T13:56:54+00:00","dateModified":"2015-03-11T22:11:51+00:00","description":"Fale com a ReachOut Business Solutions para desenvolver a estrat\u00e9gia de marketing para o seu neg\u00f3cio brasileiro nos EUA. Desenvolvemos todos os passos de um planejamento de marketing, o que inclui defini\u00e7\u00e3o de p\u00fablico-alvo, escolha de estrutura de vendas, estrat\u00e9gia de m\u00eddias sociais e muito mais!","breadcrumb":{"@id":"https:\/\/reachoutsol.com\/pt-br\/services\/marketing-pt\/#breadcrumb"},"inLanguage":"pt-BR","potentialAction":[{"@type":"ReadAction","target":["https:\/\/reachoutsol.com\/pt-br\/services\/marketing-pt\/"]}]},{"@type":"BreadcrumbList","@id":"https:\/\/reachoutsol.com\/pt-br\/services\/marketing-pt\/#breadcrumb","itemListElement":[{"@type":"ListItem","position":1,"name":"Home","item":"https:\/\/reachoutsol.com\/pt-br\/"},{"@type":"ListItem","position":2,"name":"Servi\u00e7os","item":"https:\/\/reachoutsol.com\/pt-br\/services\/"},{"@type":"ListItem","position":3,"name":"Marketing"}]},{"@type":"WebSite","@id":"https:\/\/reachoutsol.com\/#website","url":"https:\/\/reachoutsol.com\/","name":"ReachOut","description":"Business Solutions Firm","publisher":{"@id":"https:\/\/reachoutsol.com\/#organization"},"potentialAction":[{"@type":"SearchAction","target":{"@type":"EntryPoint","urlTemplate":"https:\/\/reachoutsol.com\/?s={search_term_string}"},"query-input":{"@type":"PropertyValueSpecification","valueRequired":true,"valueName":"search_term_string"}}],"inLanguage":"pt-BR"},{"@type":"Organization","@id":"https:\/\/reachoutsol.com\/#organization","name":"Reachout Solutions","url":"https:\/\/reachoutsol.com\/","logo":{"@type":"ImageObject","inLanguage":"pt-BR","@id":"https:\/\/reachoutsol.com\/#\/schema\/logo\/image\/","url":"https:\/\/reachoutsol.com\/wp-content\/uploads\/2015\/06\/header-logo.png","contentUrl":"https:\/\/reachoutsol.com\/wp-content\/uploads\/2015\/06\/header-logo.png","width":254,"height":62,"caption":"Reachout Solutions"},"image":{"@id":"https:\/\/reachoutsol.com\/#\/schema\/logo\/image\/"},"sameAs":["https:\/\/www.facebook.com\/reachoutsol?ref=hl","https:\/\/x.com\/edseloliveira","http:\/\/www.linkedin.com\/in\/edseloliveira"]}]}},"_links":{"self":[{"href":"https:\/\/reachoutsol.com\/pt-br\/wp-json\/wp\/v2\/pages\/216","targetHints":{"allow":["GET"]}}],"collection":[{"href":"https:\/\/reachoutsol.com\/pt-br\/wp-json\/wp\/v2\/pages"}],"about":[{"href":"https:\/\/reachoutsol.com\/pt-br\/wp-json\/wp\/v2\/types\/page"}],"author":[{"embeddable":true,"href":"https:\/\/reachoutsol.com\/pt-br\/wp-json\/wp\/v2\/users\/5"}],"replies":[{"embeddable":true,"href":"https:\/\/reachoutsol.com\/pt-br\/wp-json\/wp\/v2\/comments?post=216"}],"version-history":[{"count":5,"href":"https:\/\/reachoutsol.com\/pt-br\/wp-json\/wp\/v2\/pages\/216\/revisions"}],"predecessor-version":[{"id":291,"href":"https:\/\/reachoutsol.com\/pt-br\/wp-json\/wp\/v2\/pages\/216\/revisions\/291"}],"up":[{"embeddable":true,"href":"https:\/\/reachoutsol.com\/pt-br\/wp-json\/wp\/v2\/pages\/67"}],"wp:attachment":[{"href":"https:\/\/reachoutsol.com\/pt-br\/wp-json\/wp\/v2\/media?parent=216"}],"curies":[{"name":"wp","href":"https:\/\/api.w.org\/{rel}","templated":true}]}}