{"id":65,"date":"2014-09-25T17:11:09","date_gmt":"2014-09-25T17:11:09","guid":{"rendered":"https:\/\/reachoutsol.com\/?page_id=65"},"modified":"2019-08-19T19:53:01","modified_gmt":"2019-08-19T19:53:01","slug":"about-us","status":"publish","type":"page","link":"https:\/\/reachoutsol.com\/pt-br\/about-us\/","title":{"rendered":"Conhe\u00e7a"},"content":{"rendered":"<p style=\"text-align: left;\"><span style=\"font-weight: 400;\">Voc\u00ea traz sua empresa, n\u00f3s trazemos nossa experi\u00eancia &#8211; e juntos conduziremos seus neg\u00f3cios ao pr\u00f3ximo n\u00edvel.<br \/>\n<\/span><span style=\"font-weight: 400;\">Nossa experi\u00eancia em trabalhar com empresas locais, regionais e internacionais nos permite estar prontos para come\u00e7armos a colaborar e a resolver seus problemas.<br \/>\n<\/span><span style=\"font-weight: 400;\">Estaremos atentos aos seus desafios, analisaremos cuidadosamente seus neg\u00f3cios e identificaremos \u00e1reas de oportunidade. Iremos ajud\u00e1-lo a criar e a implementar processos aperfei\u00e7oados, explorar novas fontes de receitas, lidar com suas finan\u00e7as, e muito mais.<\/span><\/p>\n","protected":false},"excerpt":{"rendered":"<p>Voc\u00ea traz sua empresa, n\u00f3s trazemos nossa experi\u00eancia &#8211; e juntos conduziremos seus neg\u00f3cios ao pr\u00f3ximo n\u00edvel. Nossa experi\u00eancia em trabalhar com empresas locais, regionais e internacionais nos permite estar prontos para come\u00e7armos a colaborar e a resolver seus problemas. Estaremos atentos aos seus desafios, analisaremos cuidadosamente seus neg\u00f3cios e identificaremos \u00e1reas de oportunidade. Iremos [&hellip;]<\/p>\n","protected":false},"author":2,"featured_media":0,"parent":0,"menu_order":0,"comment_status":"open","ping_status":"closed","template":"page-aboutus.php","meta":{"_acf_changed":false,"inline_featured_image":false,"_monsterinsights_skip_tracking":false,"_monsterinsights_sitenote_active":false,"_monsterinsights_sitenote_note":"","_monsterinsights_sitenote_category":0,"footnotes":""},"class_list":["post-65","page","type-page","status-publish","hentry"],"acf":[],"yoast_head":"<!-- This site is optimized with the Yoast SEO plugin v26.9 - https:\/\/yoast.com\/product\/yoast-seo-wordpress\/ -->\n<title>Conhe\u00e7a - ReachOut<\/title>\n<meta name=\"robots\" content=\"index, follow, max-snippet:-1, max-image-preview:large, max-video-preview:-1\" \/>\n<link rel=\"canonical\" href=\"https:\/\/reachoutsol.com\/pt-br\/about-us\/\" \/>\n<meta property=\"og:locale\" content=\"pt_BR\" \/>\n<meta property=\"og:type\" content=\"article\" \/>\n<meta property=\"og:title\" content=\"Conhe\u00e7a - ReachOut\" \/>\n<meta property=\"og:description\" content=\"Voc\u00ea traz sua empresa, n\u00f3s trazemos nossa experi\u00eancia &#8211; e juntos conduziremos seus neg\u00f3cios ao pr\u00f3ximo n\u00edvel. Nossa experi\u00eancia em trabalhar com empresas locais, regionais e internacionais nos permite estar prontos para come\u00e7armos a colaborar e a resolver seus problemas. Estaremos atentos aos seus desafios, analisaremos cuidadosamente seus neg\u00f3cios e identificaremos \u00e1reas de oportunidade. Iremos [&hellip;]\" \/>\n<meta property=\"og:url\" content=\"https:\/\/reachoutsol.com\/pt-br\/about-us\/\" \/>\n<meta property=\"og:site_name\" content=\"ReachOut\" \/>\n<meta property=\"article:publisher\" content=\"https:\/\/www.facebook.com\/reachoutsol?ref=hl\" \/>\n<meta property=\"article:modified_time\" content=\"2019-08-19T19:53:01+00:00\" \/>\n<meta property=\"og:image\" content=\"https:\/\/reachoutsol.com\/wp-content\/uploads\/2015\/06\/header-logo.png\" \/>\n<meta name=\"twitter:card\" content=\"summary_large_image\" \/>\n<meta name=\"twitter:site\" content=\"@edseloliveira\" \/>\n<script type=\"application\/ld+json\" class=\"yoast-schema-graph\">{\"@context\":\"https:\/\/schema.org\",\"@graph\":[{\"@type\":\"WebPage\",\"@id\":\"https:\/\/reachoutsol.com\/pt-br\/about-us\/\",\"url\":\"https:\/\/reachoutsol.com\/pt-br\/about-us\/\",\"name\":\"Conhe\u00e7a - ReachOut\",\"isPartOf\":{\"@id\":\"https:\/\/reachoutsol.com\/#website\"},\"datePublished\":\"2014-09-25T17:11:09+00:00\",\"dateModified\":\"2019-08-19T19:53:01+00:00\",\"breadcrumb\":{\"@id\":\"https:\/\/reachoutsol.com\/pt-br\/about-us\/#breadcrumb\"},\"inLanguage\":\"pt-BR\",\"potentialAction\":[{\"@type\":\"ReadAction\",\"target\":[\"https:\/\/reachoutsol.com\/pt-br\/about-us\/\"]}]},{\"@type\":\"BreadcrumbList\",\"@id\":\"https:\/\/reachoutsol.com\/pt-br\/about-us\/#breadcrumb\",\"itemListElement\":[{\"@type\":\"ListItem\",\"position\":1,\"name\":\"Home\",\"item\":\"https:\/\/reachoutsol.com\/pt-br\/\"},{\"@type\":\"ListItem\",\"position\":2,\"name\":\"Conhe\u00e7a\"}]},{\"@type\":\"WebSite\",\"@id\":\"https:\/\/reachoutsol.com\/#website\",\"url\":\"https:\/\/reachoutsol.com\/\",\"name\":\"ReachOut\",\"description\":\"Business Solutions Firm\",\"publisher\":{\"@id\":\"https:\/\/reachoutsol.com\/#organization\"},\"potentialAction\":[{\"@type\":\"SearchAction\",\"target\":{\"@type\":\"EntryPoint\",\"urlTemplate\":\"https:\/\/reachoutsol.com\/?s={search_term_string}\"},\"query-input\":{\"@type\":\"PropertyValueSpecification\",\"valueRequired\":true,\"valueName\":\"search_term_string\"}}],\"inLanguage\":\"pt-BR\"},{\"@type\":\"Organization\",\"@id\":\"https:\/\/reachoutsol.com\/#organization\",\"name\":\"Reachout Solutions\",\"url\":\"https:\/\/reachoutsol.com\/\",\"logo\":{\"@type\":\"ImageObject\",\"inLanguage\":\"pt-BR\",\"@id\":\"https:\/\/reachoutsol.com\/#\/schema\/logo\/image\/\",\"url\":\"https:\/\/reachoutsol.com\/wp-content\/uploads\/2015\/06\/header-logo.png\",\"contentUrl\":\"https:\/\/reachoutsol.com\/wp-content\/uploads\/2015\/06\/header-logo.png\",\"width\":254,\"height\":62,\"caption\":\"Reachout Solutions\"},\"image\":{\"@id\":\"https:\/\/reachoutsol.com\/#\/schema\/logo\/image\/\"},\"sameAs\":[\"https:\/\/www.facebook.com\/reachoutsol?ref=hl\",\"https:\/\/x.com\/edseloliveira\",\"http:\/\/www.linkedin.com\/in\/edseloliveira\"]}]}<\/script>\n<!-- \/ Yoast SEO plugin. -->","yoast_head_json":{"title":"Conhe\u00e7a - ReachOut","robots":{"index":"index","follow":"follow","max-snippet":"max-snippet:-1","max-image-preview":"max-image-preview:large","max-video-preview":"max-video-preview:-1"},"canonical":"https:\/\/reachoutsol.com\/pt-br\/about-us\/","og_locale":"pt_BR","og_type":"article","og_title":"Conhe\u00e7a - ReachOut","og_description":"Voc\u00ea traz sua empresa, n\u00f3s trazemos nossa experi\u00eancia &#8211; e juntos conduziremos seus neg\u00f3cios ao pr\u00f3ximo n\u00edvel. Nossa experi\u00eancia em trabalhar com empresas locais, regionais e internacionais nos permite estar prontos para come\u00e7armos a colaborar e a resolver seus problemas. Estaremos atentos aos seus desafios, analisaremos cuidadosamente seus neg\u00f3cios e identificaremos \u00e1reas de oportunidade. Iremos [&hellip;]","og_url":"https:\/\/reachoutsol.com\/pt-br\/about-us\/","og_site_name":"ReachOut","article_publisher":"https:\/\/www.facebook.com\/reachoutsol?ref=hl","article_modified_time":"2019-08-19T19:53:01+00:00","og_image":[{"url":"https:\/\/reachoutsol.com\/wp-content\/uploads\/2015\/06\/header-logo.png","type":"","width":"","height":""}],"twitter_card":"summary_large_image","twitter_site":"@edseloliveira","schema":{"@context":"https:\/\/schema.org","@graph":[{"@type":"WebPage","@id":"https:\/\/reachoutsol.com\/pt-br\/about-us\/","url":"https:\/\/reachoutsol.com\/pt-br\/about-us\/","name":"Conhe\u00e7a - ReachOut","isPartOf":{"@id":"https:\/\/reachoutsol.com\/#website"},"datePublished":"2014-09-25T17:11:09+00:00","dateModified":"2019-08-19T19:53:01+00:00","breadcrumb":{"@id":"https:\/\/reachoutsol.com\/pt-br\/about-us\/#breadcrumb"},"inLanguage":"pt-BR","potentialAction":[{"@type":"ReadAction","target":["https:\/\/reachoutsol.com\/pt-br\/about-us\/"]}]},{"@type":"BreadcrumbList","@id":"https:\/\/reachoutsol.com\/pt-br\/about-us\/#breadcrumb","itemListElement":[{"@type":"ListItem","position":1,"name":"Home","item":"https:\/\/reachoutsol.com\/pt-br\/"},{"@type":"ListItem","position":2,"name":"Conhe\u00e7a"}]},{"@type":"WebSite","@id":"https:\/\/reachoutsol.com\/#website","url":"https:\/\/reachoutsol.com\/","name":"ReachOut","description":"Business Solutions Firm","publisher":{"@id":"https:\/\/reachoutsol.com\/#organization"},"potentialAction":[{"@type":"SearchAction","target":{"@type":"EntryPoint","urlTemplate":"https:\/\/reachoutsol.com\/?s={search_term_string}"},"query-input":{"@type":"PropertyValueSpecification","valueRequired":true,"valueName":"search_term_string"}}],"inLanguage":"pt-BR"},{"@type":"Organization","@id":"https:\/\/reachoutsol.com\/#organization","name":"Reachout Solutions","url":"https:\/\/reachoutsol.com\/","logo":{"@type":"ImageObject","inLanguage":"pt-BR","@id":"https:\/\/reachoutsol.com\/#\/schema\/logo\/image\/","url":"https:\/\/reachoutsol.com\/wp-content\/uploads\/2015\/06\/header-logo.png","contentUrl":"https:\/\/reachoutsol.com\/wp-content\/uploads\/2015\/06\/header-logo.png","width":254,"height":62,"caption":"Reachout Solutions"},"image":{"@id":"https:\/\/reachoutsol.com\/#\/schema\/logo\/image\/"},"sameAs":["https:\/\/www.facebook.com\/reachoutsol?ref=hl","https:\/\/x.com\/edseloliveira","http:\/\/www.linkedin.com\/in\/edseloliveira"]}]}},"_links":{"self":[{"href":"https:\/\/reachoutsol.com\/pt-br\/wp-json\/wp\/v2\/pages\/65","targetHints":{"allow":["GET"]}}],"collection":[{"href":"https:\/\/reachoutsol.com\/pt-br\/wp-json\/wp\/v2\/pages"}],"about":[{"href":"https:\/\/reachoutsol.com\/pt-br\/wp-json\/wp\/v2\/types\/page"}],"author":[{"embeddable":true,"href":"https:\/\/reachoutsol.com\/pt-br\/wp-json\/wp\/v2\/users\/2"}],"replies":[{"embeddable":true,"href":"https:\/\/reachoutsol.com\/pt-br\/wp-json\/wp\/v2\/comments?post=65"}],"version-history":[{"count":29,"href":"https:\/\/reachoutsol.com\/pt-br\/wp-json\/wp\/v2\/pages\/65\/revisions"}],"predecessor-version":[{"id":1715,"href":"https:\/\/reachoutsol.com\/pt-br\/wp-json\/wp\/v2\/pages\/65\/revisions\/1715"}],"wp:attachment":[{"href":"https:\/\/reachoutsol.com\/pt-br\/wp-json\/wp\/v2\/media?parent=65"}],"curies":[{"name":"wp","href":"https:\/\/api.w.org\/{rel}","templated":true}]}}