{"id":67,"date":"2014-10-07T15:08:54","date_gmt":"2014-10-07T15:08:54","guid":{"rendered":"https:\/\/reachoutsol.com\/?page_id=67"},"modified":"2019-08-19T20:59:35","modified_gmt":"2019-08-19T20:59:35","slug":"services","status":"publish","type":"page","link":"https:\/\/reachoutsol.com\/pt-br\/services\/","title":{"rendered":"Servi\u00e7os"},"content":{"rendered":"<p style=\"text-align: left;\"><span style=\"font-weight: 400;\">Sentindo-se sem sa\u00edda com seus desafios empresariais? Quebre barreiras com a experi\u00eancia s\u00f3lida de nossos consultores empresariais confi\u00e1veis e acess\u00edveis.\u00a0<\/span><span style=\"font-weight: 400;\">Empreendedores e empres\u00e1rios podem se sentir sozinhos no topo e, geralmente, t\u00eam problemas com execu\u00e7\u00e3o ou com uma falta de experi\u00eancia em uma \u00e1rea espec\u00edfica. \u00c9 a\u00ed que um consultor empresarial experiente pode entrar e ajud\u00e1-lo a expandir seu pequeno neg\u00f3cio.<br \/>\n<\/span><span style=\"font-weight: 400;\">A ReachOut Business Solutions possui mais de 20 anos de experi\u00eancia em gest\u00e3o empresarial, ajudando empresas nestas \u00e1reas e mais. Voc\u00ea j\u00e1 ouviu o dito: \u201cComo a galinha enche o papo? De gr\u00e3o em gr\u00e3o\u201d. Nossa abordagem etapa por etapa ir\u00e1 ajud\u00e1-lo a desempacar e conduzir seus neg\u00f3cios ao pr\u00f3ximo n\u00edvel.\u00a0<\/span><span style=\"font-weight: 400;\">Quando precisar de ajuda especializada, trabalharemos junto com voc\u00ea para recomendar as pessoas certas de nossa vasta rede de profissionais de confian\u00e7a.<\/span><\/p>\n","protected":false},"excerpt":{"rendered":"<p>Sentindo-se sem sa\u00edda com seus desafios empresariais? Quebre barreiras com a experi\u00eancia s\u00f3lida de nossos consultores empresariais confi\u00e1veis e acess\u00edveis.\u00a0Empreendedores e empres\u00e1rios podem se sentir sozinhos no topo e, geralmente, t\u00eam problemas com execu\u00e7\u00e3o ou com uma falta de experi\u00eancia em uma \u00e1rea espec\u00edfica. \u00c9 a\u00ed que um consultor empresarial experiente pode entrar e ajud\u00e1-lo [&hellip;]<\/p>\n","protected":false},"author":2,"featured_media":0,"parent":0,"menu_order":0,"comment_status":"open","ping_status":"open","template":"page-services.php","meta":{"_acf_changed":false,"inline_featured_image":false,"_monsterinsights_skip_tracking":false,"_monsterinsights_sitenote_active":false,"_monsterinsights_sitenote_note":"","_monsterinsights_sitenote_category":0,"footnotes":""},"class_list":["post-67","page","type-page","status-publish","hentry"],"acf":[],"yoast_head":"<!-- This site is optimized with the Yoast SEO plugin v26.9 - https:\/\/yoast.com\/product\/yoast-seo-wordpress\/ -->\n<title>Servi\u00e7os - ReachOut<\/title>\n<meta name=\"robots\" content=\"index, follow, max-snippet:-1, max-image-preview:large, max-video-preview:-1\" \/>\n<link rel=\"canonical\" href=\"https:\/\/reachoutsol.com\/pt-br\/services\/\" \/>\n<meta property=\"og:locale\" content=\"pt_BR\" \/>\n<meta property=\"og:type\" content=\"article\" \/>\n<meta property=\"og:title\" content=\"Servi\u00e7os - ReachOut\" \/>\n<meta property=\"og:description\" content=\"Sentindo-se sem sa\u00edda com seus desafios empresariais? Quebre barreiras com a experi\u00eancia s\u00f3lida de nossos consultores empresariais confi\u00e1veis e acess\u00edveis.\u00a0Empreendedores e empres\u00e1rios podem se sentir sozinhos no topo e, geralmente, t\u00eam problemas com execu\u00e7\u00e3o ou com uma falta de experi\u00eancia em uma \u00e1rea espec\u00edfica. \u00c9 a\u00ed que um consultor empresarial experiente pode entrar e ajud\u00e1-lo [&hellip;]\" \/>\n<meta property=\"og:url\" content=\"https:\/\/reachoutsol.com\/pt-br\/services\/\" \/>\n<meta property=\"og:site_name\" content=\"ReachOut\" \/>\n<meta property=\"article:publisher\" content=\"https:\/\/www.facebook.com\/reachoutsol?ref=hl\" \/>\n<meta property=\"article:modified_time\" content=\"2019-08-19T20:59:35+00:00\" \/>\n<meta property=\"og:image\" content=\"https:\/\/reachoutsol.com\/wp-content\/uploads\/2015\/06\/header-logo.png\" \/>\n<meta name=\"twitter:card\" content=\"summary_large_image\" \/>\n<meta name=\"twitter:site\" content=\"@edseloliveira\" \/>\n<meta name=\"twitter:label1\" content=\"Est. tempo de leitura\" \/>\n\t<meta name=\"twitter:data1\" content=\"1 minuto\" \/>\n<script type=\"application\/ld+json\" class=\"yoast-schema-graph\">{\"@context\":\"https:\/\/schema.org\",\"@graph\":[{\"@type\":\"WebPage\",\"@id\":\"https:\/\/reachoutsol.com\/pt-br\/services\/\",\"url\":\"https:\/\/reachoutsol.com\/pt-br\/services\/\",\"name\":\"Servi\u00e7os - ReachOut\",\"isPartOf\":{\"@id\":\"https:\/\/reachoutsol.com\/#website\"},\"datePublished\":\"2014-10-07T15:08:54+00:00\",\"dateModified\":\"2019-08-19T20:59:35+00:00\",\"breadcrumb\":{\"@id\":\"https:\/\/reachoutsol.com\/pt-br\/services\/#breadcrumb\"},\"inLanguage\":\"pt-BR\",\"potentialAction\":[{\"@type\":\"ReadAction\",\"target\":[\"https:\/\/reachoutsol.com\/pt-br\/services\/\"]}]},{\"@type\":\"BreadcrumbList\",\"@id\":\"https:\/\/reachoutsol.com\/pt-br\/services\/#breadcrumb\",\"itemListElement\":[{\"@type\":\"ListItem\",\"position\":1,\"name\":\"Home\",\"item\":\"https:\/\/reachoutsol.com\/pt-br\/\"},{\"@type\":\"ListItem\",\"position\":2,\"name\":\"Servi\u00e7os\"}]},{\"@type\":\"WebSite\",\"@id\":\"https:\/\/reachoutsol.com\/#website\",\"url\":\"https:\/\/reachoutsol.com\/\",\"name\":\"ReachOut\",\"description\":\"Business Solutions Firm\",\"publisher\":{\"@id\":\"https:\/\/reachoutsol.com\/#organization\"},\"potentialAction\":[{\"@type\":\"SearchAction\",\"target\":{\"@type\":\"EntryPoint\",\"urlTemplate\":\"https:\/\/reachoutsol.com\/?s={search_term_string}\"},\"query-input\":{\"@type\":\"PropertyValueSpecification\",\"valueRequired\":true,\"valueName\":\"search_term_string\"}}],\"inLanguage\":\"pt-BR\"},{\"@type\":\"Organization\",\"@id\":\"https:\/\/reachoutsol.com\/#organization\",\"name\":\"Reachout Solutions\",\"url\":\"https:\/\/reachoutsol.com\/\",\"logo\":{\"@type\":\"ImageObject\",\"inLanguage\":\"pt-BR\",\"@id\":\"https:\/\/reachoutsol.com\/#\/schema\/logo\/image\/\",\"url\":\"https:\/\/reachoutsol.com\/wp-content\/uploads\/2015\/06\/header-logo.png\",\"contentUrl\":\"https:\/\/reachoutsol.com\/wp-content\/uploads\/2015\/06\/header-logo.png\",\"width\":254,\"height\":62,\"caption\":\"Reachout Solutions\"},\"image\":{\"@id\":\"https:\/\/reachoutsol.com\/#\/schema\/logo\/image\/\"},\"sameAs\":[\"https:\/\/www.facebook.com\/reachoutsol?ref=hl\",\"https:\/\/x.com\/edseloliveira\",\"http:\/\/www.linkedin.com\/in\/edseloliveira\"]}]}<\/script>\n<!-- \/ Yoast SEO plugin. -->","yoast_head_json":{"title":"Servi\u00e7os - ReachOut","robots":{"index":"index","follow":"follow","max-snippet":"max-snippet:-1","max-image-preview":"max-image-preview:large","max-video-preview":"max-video-preview:-1"},"canonical":"https:\/\/reachoutsol.com\/pt-br\/services\/","og_locale":"pt_BR","og_type":"article","og_title":"Servi\u00e7os - ReachOut","og_description":"Sentindo-se sem sa\u00edda com seus desafios empresariais? Quebre barreiras com a experi\u00eancia s\u00f3lida de nossos consultores empresariais confi\u00e1veis e acess\u00edveis.\u00a0Empreendedores e empres\u00e1rios podem se sentir sozinhos no topo e, geralmente, t\u00eam problemas com execu\u00e7\u00e3o ou com uma falta de experi\u00eancia em uma \u00e1rea espec\u00edfica. \u00c9 a\u00ed que um consultor empresarial experiente pode entrar e ajud\u00e1-lo [&hellip;]","og_url":"https:\/\/reachoutsol.com\/pt-br\/services\/","og_site_name":"ReachOut","article_publisher":"https:\/\/www.facebook.com\/reachoutsol?ref=hl","article_modified_time":"2019-08-19T20:59:35+00:00","og_image":[{"url":"https:\/\/reachoutsol.com\/wp-content\/uploads\/2015\/06\/header-logo.png","type":"","width":"","height":""}],"twitter_card":"summary_large_image","twitter_site":"@edseloliveira","twitter_misc":{"Est. tempo de leitura":"1 minuto"},"schema":{"@context":"https:\/\/schema.org","@graph":[{"@type":"WebPage","@id":"https:\/\/reachoutsol.com\/pt-br\/services\/","url":"https:\/\/reachoutsol.com\/pt-br\/services\/","name":"Servi\u00e7os - ReachOut","isPartOf":{"@id":"https:\/\/reachoutsol.com\/#website"},"datePublished":"2014-10-07T15:08:54+00:00","dateModified":"2019-08-19T20:59:35+00:00","breadcrumb":{"@id":"https:\/\/reachoutsol.com\/pt-br\/services\/#breadcrumb"},"inLanguage":"pt-BR","potentialAction":[{"@type":"ReadAction","target":["https:\/\/reachoutsol.com\/pt-br\/services\/"]}]},{"@type":"BreadcrumbList","@id":"https:\/\/reachoutsol.com\/pt-br\/services\/#breadcrumb","itemListElement":[{"@type":"ListItem","position":1,"name":"Home","item":"https:\/\/reachoutsol.com\/pt-br\/"},{"@type":"ListItem","position":2,"name":"Servi\u00e7os"}]},{"@type":"WebSite","@id":"https:\/\/reachoutsol.com\/#website","url":"https:\/\/reachoutsol.com\/","name":"ReachOut","description":"Business Solutions Firm","publisher":{"@id":"https:\/\/reachoutsol.com\/#organization"},"potentialAction":[{"@type":"SearchAction","target":{"@type":"EntryPoint","urlTemplate":"https:\/\/reachoutsol.com\/?s={search_term_string}"},"query-input":{"@type":"PropertyValueSpecification","valueRequired":true,"valueName":"search_term_string"}}],"inLanguage":"pt-BR"},{"@type":"Organization","@id":"https:\/\/reachoutsol.com\/#organization","name":"Reachout Solutions","url":"https:\/\/reachoutsol.com\/","logo":{"@type":"ImageObject","inLanguage":"pt-BR","@id":"https:\/\/reachoutsol.com\/#\/schema\/logo\/image\/","url":"https:\/\/reachoutsol.com\/wp-content\/uploads\/2015\/06\/header-logo.png","contentUrl":"https:\/\/reachoutsol.com\/wp-content\/uploads\/2015\/06\/header-logo.png","width":254,"height":62,"caption":"Reachout Solutions"},"image":{"@id":"https:\/\/reachoutsol.com\/#\/schema\/logo\/image\/"},"sameAs":["https:\/\/www.facebook.com\/reachoutsol?ref=hl","https:\/\/x.com\/edseloliveira","http:\/\/www.linkedin.com\/in\/edseloliveira"]}]}},"_links":{"self":[{"href":"https:\/\/reachoutsol.com\/pt-br\/wp-json\/wp\/v2\/pages\/67","targetHints":{"allow":["GET"]}}],"collection":[{"href":"https:\/\/reachoutsol.com\/pt-br\/wp-json\/wp\/v2\/pages"}],"about":[{"href":"https:\/\/reachoutsol.com\/pt-br\/wp-json\/wp\/v2\/types\/page"}],"author":[{"embeddable":true,"href":"https:\/\/reachoutsol.com\/pt-br\/wp-json\/wp\/v2\/users\/2"}],"replies":[{"embeddable":true,"href":"https:\/\/reachoutsol.com\/pt-br\/wp-json\/wp\/v2\/comments?post=67"}],"version-history":[{"count":10,"href":"https:\/\/reachoutsol.com\/pt-br\/wp-json\/wp\/v2\/pages\/67\/revisions"}],"predecessor-version":[{"id":1722,"href":"https:\/\/reachoutsol.com\/pt-br\/wp-json\/wp\/v2\/pages\/67\/revisions\/1722"}],"wp:attachment":[{"href":"https:\/\/reachoutsol.com\/pt-br\/wp-json\/wp\/v2\/media?parent=67"}],"curies":[{"name":"wp","href":"https:\/\/api.w.org\/{rel}","templated":true}]}}